{"id":46,"date":"2025-03-12T18:02:40","date_gmt":"2025-03-12T18:02:40","guid":{"rendered":"https:\/\/bit-access.de\/?page_id=46"},"modified":"2026-01-03T11:27:53","modified_gmt":"2026-01-03T11:27:53","slug":"impressum","status":"publish","type":"page","link":"https:\/\/bit-access.de\/?page_id=46","title":{"rendered":"Impressum"},"content":{"rendered":"\n<p>BitAccess IT Solutions<br>Ladengesch\u00e4ft im<br>Ernst-Mittelbach-Ring 57 , 22455 Hamburg<\/p>\n\n\n\n<p>Postanschrift:<br>BitAccess IT Solutions<br>Inhaber: Sven Kneifel<br>Georg-Appel-Stra\u00dfe 17 , 22455 Hamburg<br>E-Mail: info@bit-access.de<br>Tel: 040 30744790 Nur w\u00e4hrend der \u00d6ffnungszeiten<\/p>\n\n\n\n<p><strong>\u00d6ffnungszeiten<\/strong><\/p>\n\n\n\n<p>Mo,Di,Do,Fr 10:00 &#8211; 17:00 Uhr<br>Mi 10:00 &#8211; 13:00<\/p>\n\n\n\n<p>USt-IdNr.: DE314466381<\/p>\n\n\n\n<p><\/p>\n\n\n\n<p><\/p>\n\n\n\n<p><strong>Haftungsausschluss<\/strong><\/p>\n\n\n\n<p>.<\/p>\n\n\n\n<p><strong>Haftung f\u00fcr Inhalte<\/strong><\/p>\n\n\n\n<p>Als Dienstanbieter sind wir gem\u00e4\u00df \u00a7 7 Abs.1 TMG f\u00fcr eigene Inhalte auf diesen Seiten nach den allgemeinen Gesetzen verantwortlich. Nach \u00a7\u00a7 8 bis 10 TMG sind wir als Diensteanbieter jedoch nicht verpflichtet, \u00fcbermittelte oder gespeicherte fremde Informationen zu \u00fcberwachen oder nach Umst\u00e4nden zu forschen, die auf eine rechtswidrige T\u00e4tigkeit hinweisen. Verpflichtungen zur Entfernung oder Sperrung der Nutzung von Informationen nach den allgemeinen Gesetzen bleiben hiervon unber\u00fchrt. Eine diesbez\u00fcgliche Haftung ist jedoch erst ab dem Zeitpunkt der Kenntnis einer konkreten Rechtsverletzung m\u00f6glich. Bei Bekanntwerden von entsprechenden Rechtsverletzungen werden wir diese Inhalte umgehend entfernen.<\/p>\n\n\n\n<p>.<\/p>\n\n\n\n<p><strong>Haftung f\u00fcr Links<\/strong><\/p>\n\n\n\n<p>Unser Angebot enth\u00e4lt ggfs. Links zu externen Webseiten Dritter, auf deren Inhalte wir keinen Einfluss haben. Deshalb k\u00f6nnen wir f\u00fcr diese fremden Inhalte auch keine Gew\u00e4hr \u00fcbernehmen. F\u00fcr die Inhalte der verlinkten Seiten ist stets der jeweilige Anbieter oder Betreiber der Seiten verantwortlich. Die verlinkten Seiten wurden zum Zeitpunkt der Verlinkung auf m\u00f6gliche Rechtsverst\u00f6\u00dfe \u00fcberpr\u00fcft. Rechtswidrige Inhalte waren zum Zeitpunkt der Verlinkung nicht erkennbar. Eine permanente inhaltliche Kontrolle der verlinkten Seiten ist jedoch ohne konkrete Anhaltspunkte einer Rechtsverletzung nicht zumutbar. Bei Bekanntwerden von Rechtsverletzungen werden wir derartige Links umgehend entfernen. Urheberrecht<\/p>\n\n\n\n<p>Die durch die Seitenbetreiber erstellten Inhalte und Werke auf diesen Seiten unterliegen dem deutschen Urheberrecht. Die Vervielf\u00e4ltigung, Bearbeitung, Verbreitung und jede Art der Verwertung au\u00dferhalb der Grenzen des Urheberrechtes bed\u00fcrfen der schriftlichen Zustimmung des jeweiligen Autors bzw. Erstellers. Downloads und Kopien dieser Seite sind nur f\u00fcr den privaten, nicht kommerziellen Gebrauch gestattet. Soweit die Inhalte auf dieser Seite nicht vom Betreiber erstellt wurden, werden die Urheberrechte Dritter beachtet. Insbesondere werden Inhalte Dritter als solche gekennzeichnet. Sollten Sie trotzdem auf eine Urheberrechtsverletzung aufmerksam werden, bitten wir um einen entsprechenden Hinweis. Bei Bekanntwerden von Rechtsverletzungen werden wir derartige Inhalte umgehend entfernen.<\/p>\n\n\n\n<p><strong>Keine Abmahnung ohne einen vorherigen Kontakt!<\/strong><\/p>\n\n\n\n<p>Sollten Inhalte oder die Gestaltung dieser Website fremde Rechte oder gesetzliche Bestimmungen verletzen oder anderweitig in irgendeiner Form wettbewerbsrechtliche Bestimmungen hervorbringen, so bitten wir unter Berufung auf \u00a78 Abs. 4 UWG, um eine angemessene, ausreichend erl\u00e4uternde und schnelle Nachricht ohne Kostennote.<\/p>\n\n\n\n<p>Wir garantieren, dass die zu Recht beanstandeten Passagen dieser Website in angemessener Frist entfernt, bzw. den rechtlichen Vorgaben angepasst werden, ohne dass von Ihrer Seite die Einschaltung eines Rechtbeistandes erforderlich ist.<\/p>\n\n\n\n<p>Die Einschaltung eines Anwaltes, zur f\u00fcr den Diensteanbieter kostenpflichtigen Abmahnung, entspricht nicht dessen wirklichen und mutma\u00dflichen Willen und w\u00fcrde damit ein gegen \u00a713 Abs. 5 UWG, wegen der Verfolgung sachfremder Ziele als beherrschendes Motiv der Verfahrenseinleitung, insbesondere einer Kostenerzielungsabsicht als eigentliche Triebfeder, sowie einen Versto\u00df gegen die Schadensminderungspflicht darstellen.<\/p>\n","protected":false},"excerpt":{"rendered":"<p>BitAccess IT SolutionsLadengesch\u00e4ft imErnst-Mittelbach-Ring 57 , 22455 Hamburg Postanschrift:BitAccess IT SolutionsInhaber: Sven KneifelGeorg-Appel-Stra\u00dfe 17 , 22455 HamburgE-Mail: info@bit-access.deTel: 040 30744790 Nur w\u00e4hrend der \u00d6ffnungszeiten \u00d6ffnungszeiten Mo,Di,Do,Fr 10:00 &#8211; 17:00 UhrMi 10:00 &#8211; 13:00 USt-IdNr.: DE314466381 Haftungsausschluss . Haftung f\u00fcr Inhalte Als Dienstanbieter sind wir gem\u00e4\u00df \u00a7 7 Abs.1 TMG f\u00fcr eigene Inhalte auf diesen Seiten [&hellip;]<\/p>\n","protected":false},"author":1,"featured_media":0,"parent":0,"menu_order":0,"comment_status":"closed","ping_status":"closed","template":"","meta":{"footnotes":""},"class_list":["post-46","page","type-page","status-publish","hentry"],"_links":{"self":[{"href":"https:\/\/bit-access.de\/index.php?rest_route=\/wp\/v2\/pages\/46","targetHints":{"allow":["GET"]}}],"collection":[{"href":"https:\/\/bit-access.de\/index.php?rest_route=\/wp\/v2\/pages"}],"about":[{"href":"https:\/\/bit-access.de\/index.php?rest_route=\/wp\/v2\/types\/page"}],"author":[{"embeddable":true,"href":"https:\/\/bit-access.de\/index.php?rest_route=\/wp\/v2\/users\/1"}],"replies":[{"embeddable":true,"href":"https:\/\/bit-access.de\/index.php?rest_route=%2Fwp%2Fv2%2Fcomments&post=46"}],"version-history":[{"count":3,"href":"https:\/\/bit-access.de\/index.php?rest_route=\/wp\/v2\/pages\/46\/revisions"}],"predecessor-version":[{"id":98,"href":"https:\/\/bit-access.de\/index.php?rest_route=\/wp\/v2\/pages\/46\/revisions\/98"}],"wp:attachment":[{"href":"https:\/\/bit-access.de\/index.php?rest_route=%2Fwp%2Fv2%2Fmedia&parent=46"}],"curies":[{"name":"wp","href":"https:\/\/api.w.org\/{rel}","templated":true}]}}